{"id":111,"date":"2018-03-13T14:24:36","date_gmt":"2018-03-13T14:24:36","guid":{"rendered":"http:\/\/www.chevronscharlevoix.com\/?page_id=111"},"modified":"2018-05-01T13:42:39","modified_gmt":"2018-05-01T13:42:39","slug":"services","status":"publish","type":"page","link":"https:\/\/www.chevronscharlevoix.com\/?page_id=111","title":{"rendered":"Services"},"content":{"rendered":"<div id=\"themify_builder_content-111\" data-postid=\"111\" class=\"themify_builder_content themify_builder_content-111 themify_builder\">\n\n    \t\n\t\t<!-- module_row -->\n\t\t\t<div  class=\"themify_builder_row module_row clearfix builder-parallax-scrolling bg-position-center-top fullwidth module_row_0 themify_builder_111_row module_row_111-0\">\n\t\t\t\t<div class=\"builder_row_cover \"><\/div>                                <div class=\"row_inner col_align_middle gutter-none\" >\n\n                                    \n\t\t<div  class=\"tb-column col4-2 first module_column tb_111_column module_column_0 module_column_111-0-0\" >\n                                        \t\t<\/div>\n\t\t<!-- \/.tb-column -->\n\t\t\n\t\t\n\t\t<div  class=\"tb-column col4-2 last module_column tb_111_column module_column_1 module_column_111-0-1\" >\n                                        \t\t<\/div>\n\t\t<!-- \/.tb-column -->\n\t\t\n\t\t\n                                <\/div>\n                                <!-- \/row_inner -->\n                        <\/div>\n                        <!-- \/module_row -->\n\t\t\t\n\t\t<!-- module_row -->\n\t\t\t<div  class=\"themify_builder_row module_row clearfix repeat fullwidth module_row_1 themify_builder_111_row module_row_111-1\">\n\t\t\t\t                                <div class=\"row_inner \" >\n\n                                    \n\t\t<div  class=\"tb-column col4-1 first module_column tb_111_column module_column_0 module_column_111-1-0\" >\n                                        \t\t<\/div>\n\t\t<!-- \/.tb-column -->\n\t\t\n\t\t\n\t\t<div  class=\"tb-column col4-2 middle module_column tb_111_column module_column_1 module_column_111-1-1\" >\n                                                                <div class=\"tb-column-inner\">\n                            \n\n<!-- module text -->\n<div  id=\"text-111-1-1-0\" class=\"module module-text text-111-1-1-0  repeat \">\n    \n    <p style=\"text-align: center;\"><strong>NOS SERVICES<br \/><\/strong><strong><br \/> <\/strong><\/p><\/div>\n<!-- \/module text -->\n                        <\/div>\n                    \t\t<\/div>\n\t\t<!-- \/.tb-column -->\n\t\t\n\t\t\n\t\t<div  class=\"tb-column col4-1 last module_column tb_111_column module_column_2 module_column_111-1-2\" >\n                                        \t\t<\/div>\n\t\t<!-- \/.tb-column -->\n\t\t\n\t\t\n                                <\/div>\n                                <!-- \/row_inner -->\n                        <\/div>\n                        <!-- \/module_row -->\n\t\t\t\n\t\t<!-- module_row -->\n\t\t\t<div  class=\"themify_builder_row module_row clearfix repeat fullwidth module_row_2 themify_builder_111_row module_row_111-2\">\n\t\t\t\t                                <div class=\"row_inner \" >\n\n                                    \n\t\t<div  class=\"tb-column col3-1 first module_column tb_111_column module_column_0 module_column_111-2-0 repeat\" >\n                                                                <div class=\"tb-column-inner\">\n                            \n\n    <!-- module feature -->\n    <div  id=\"feature-111-2-0-0\" class=\"module module-feature feature-111-2-0-0 with-chart layout-icon-top size-small  \">\n\n        <style type=\"text\/css\">#feature-111-2-0-0 .module-feature-chart-html5 {\n\t\t\t\t\t-webkit-box-shadow: inset 0 0 0 2px rgba(0,0,0,.1);\n\t\t\t\t\t-moz-box-shadow: inset 0 0 0 2px rgba(0,0,0,.1);\n\t\t\t\t\tbox-shadow: inset 0 0 0 2px rgba(0,0,0,.1);\n\t\t\t\t}\n\t\t\t\t#feature-111-2-0-0 .chart-html5-mask,\n\t\t\t\t#feature-111-2-0-0 .chart-html5-fill {\n\t\t\t\t\twidth: 100px;\n\t\t\t\t\theight: 100px;\n\t\t\t\t}\n\t\t\t\t#feature-111-2-0-0 .chart-html5-mask {\n\t\t\t\t\tborder-radius: 0 50px 50px 0;\n\t\t\t\t}\n\t\t\t\t#feature-111-2-0-0 .chart-loaded.chart-html5-fill {\n                                        border-radius: 50px 0 0 50px;\n\t\t\t\t\t-webkit-box-shadow: inset 0 0 0 2px #d77132;\n\t\t\t\t\t-moz-box-shadow: inset 0 0 0 2px #d77132;\n\t\t\t\t\tbox-shadow: inset 0 0 0 2px #d77132;\n\t\t\t\t}<\/style>\n        \n        <div class=\"module-feature-image\">\n            \n            \n                <div class=\"module-feature-chart-html5\"\n                                         data-progress=\"0\"\n                         data-progress-end=\"100\"\n                         data-size=\"100\"\n                                          >\n                    <div class=\"chart-html5-circle\">\n                                                    <div class=\"chart-html5-mask chart-html5-full\">\n                                <div class=\"chart-html5-fill\"><\/div>\n                            <\/div>\n                            <div class=\"chart-html5-mask chart-html5-half\">\n                                <div class=\"chart-html5-fill\"><\/div>\n                            <\/div>\n                                                <div class=\"chart-html5-inset chart-html5-inset-icon\">\n\n                                                                                            <i class=\"module-feature-icon fa fa-home\" style=\"color: #d77132\"><\/i>                            \n                        <\/div>\n                    <\/div>\n                <\/div>\n\n                \n        <\/div>\n\n        <div class=\"module-feature-content\">\n            \n            <h4 class=\"p1\"><strong><br \/>Ferme de toit<\/strong><\/h4>\n<p class=\"p1\"><span class=\"s1\">Construite \u00e0 partir de mat\u00e9riaux de premi\u00e8re qualit\u00e9 et calcul\u00e9e selon les crit\u00e8res les plus s\u00e9v\u00e8res de l\u2019industrie.<\/span><\/p>\n<p class=\"p1\"><span class=\"s1\">Nous nous assurons que les parties composantes de la ferme soient toujours parfaitement\u00a0manufactur\u00e9es afin d\u2019obtenir, un produit \u00e0 la hauteur de vos attentes lors de l\u2019assemblage.<\/span><\/p>        <\/div>\n\n    <\/div>\n    <!-- \/module feature -->\n\n                        <\/div>\n                    \t\t<\/div>\n\t\t<!-- \/.tb-column -->\n\t\t\n\t\t\n\t\t<div  class=\"tb-column col3-1 middle module_column tb_111_column module_column_1 module_column_111-2-1 repeat\" >\n                                                                <div class=\"tb-column-inner\">\n                            \n\n    <!-- module feature -->\n    <div  id=\"feature-111-2-1-0\" class=\"module module-feature feature-111-2-1-0 with-chart layout-icon-top size-small  \">\n\n        <style type=\"text\/css\">#feature-111-2-1-0 .module-feature-chart-html5 {\n\t\t\t\t\t-webkit-box-shadow: inset 0 0 0 2px rgba(0,0,0,.1);\n\t\t\t\t\t-moz-box-shadow: inset 0 0 0 2px rgba(0,0,0,.1);\n\t\t\t\t\tbox-shadow: inset 0 0 0 2px rgba(0,0,0,.1);\n\t\t\t\t}\n\t\t\t\t#feature-111-2-1-0 .chart-html5-mask,\n\t\t\t\t#feature-111-2-1-0 .chart-html5-fill {\n\t\t\t\t\twidth: 100px;\n\t\t\t\t\theight: 100px;\n\t\t\t\t}\n\t\t\t\t#feature-111-2-1-0 .chart-html5-mask {\n\t\t\t\t\tborder-radius: 0 50px 50px 0;\n\t\t\t\t}\n\t\t\t\t#feature-111-2-1-0 .chart-loaded.chart-html5-fill {\n                                        border-radius: 50px 0 0 50px;\n\t\t\t\t\t-webkit-box-shadow: inset 0 0 0 2px #d77132;\n\t\t\t\t\t-moz-box-shadow: inset 0 0 0 2px #d77132;\n\t\t\t\t\tbox-shadow: inset 0 0 0 2px #d77132;\n\t\t\t\t}<\/style>\n        \n        <div class=\"module-feature-image\">\n            \n            \n                <div class=\"module-feature-chart-html5\"\n                                         data-progress=\"0\"\n                         data-progress-end=\"100\"\n                         data-size=\"100\"\n                                          >\n                    <div class=\"chart-html5-circle\">\n                                                    <div class=\"chart-html5-mask chart-html5-full\">\n                                <div class=\"chart-html5-fill\"><\/div>\n                            <\/div>\n                            <div class=\"chart-html5-mask chart-html5-half\">\n                                <div class=\"chart-html5-fill\"><\/div>\n                            <\/div>\n                                                <div class=\"chart-html5-inset chart-html5-inset-icon\">\n\n                                                                                            <i class=\"module-feature-icon icon-home\" style=\"color: #d77132\"><\/i>                            \n                        <\/div>\n                    <\/div>\n                <\/div>\n\n                \n        <\/div>\n\n        <div class=\"module-feature-content\">\n            \n            <h4 class=\"p1\"><strong><br \/>Poutrelle de plancher<\/strong><\/h4>\n<p class=\"p1\"><span class=\"s1\">Nos poutrelles sont con\u00e7ues pour r\u00e9duire le temps d\u2019installation et fournir une solution pour une vari\u00e9t\u00e9 d\u2019application, elle permet le passage des conduits m\u00e9caniques, tuyaux et fils sans difficult\u00e9. Le syst\u00e8me de poutrelle ajour\u00e9 vous offre le summum en terme de flexibilit\u00e9 et de design.<\/span><\/p>\n<p class=\"p1\"><span class=\"s1\">Nos poutrelles \u00e0 mesures pr\u00e9cises vous permettent de gagner du temps lors de l&rsquo;installation sur le chantier.<\/span><\/p>        <\/div>\n\n    <\/div>\n    <!-- \/module feature -->\n\n                        <\/div>\n                    \t\t<\/div>\n\t\t<!-- \/.tb-column -->\n\t\t\n\t\t\n\t\t<div  class=\"tb-column col3-1 last module_column tb_111_column module_column_2 module_column_111-2-2 repeat\" >\n                                                                <div class=\"tb-column-inner\">\n                            \n\n    <!-- module feature -->\n    <div  id=\"feature-111-2-2-0\" class=\"module module-feature feature-111-2-2-0 with-chart layout-icon-top size-small  \">\n\n        <style type=\"text\/css\">#feature-111-2-2-0 .module-feature-chart-html5 {\n\t\t\t\t\t-webkit-box-shadow: inset 0 0 0 2px rgba(0,0,0,.1);\n\t\t\t\t\t-moz-box-shadow: inset 0 0 0 2px rgba(0,0,0,.1);\n\t\t\t\t\tbox-shadow: inset 0 0 0 2px rgba(0,0,0,.1);\n\t\t\t\t}\n\t\t\t\t#feature-111-2-2-0 .chart-html5-mask,\n\t\t\t\t#feature-111-2-2-0 .chart-html5-fill {\n\t\t\t\t\twidth: 100px;\n\t\t\t\t\theight: 100px;\n\t\t\t\t}\n\t\t\t\t#feature-111-2-2-0 .chart-html5-mask {\n\t\t\t\t\tborder-radius: 0 50px 50px 0;\n\t\t\t\t}\n\t\t\t\t#feature-111-2-2-0 .chart-loaded.chart-html5-fill {\n                                        border-radius: 50px 0 0 50px;\n\t\t\t\t\t-webkit-box-shadow: inset 0 0 0 2px #d77132;\n\t\t\t\t\t-moz-box-shadow: inset 0 0 0 2px #d77132;\n\t\t\t\t\tbox-shadow: inset 0 0 0 2px #d77132;\n\t\t\t\t}<\/style>\n        \n        <div class=\"module-feature-image\">\n            \n            \n                <div class=\"module-feature-chart-html5\"\n                                         data-progress=\"0\"\n                         data-progress-end=\"100\"\n                         data-size=\"100\"\n                                          >\n                    <div class=\"chart-html5-circle\">\n                                                    <div class=\"chart-html5-mask chart-html5-full\">\n                                <div class=\"chart-html5-fill\"><\/div>\n                            <\/div>\n                            <div class=\"chart-html5-mask chart-html5-half\">\n                                <div class=\"chart-html5-fill\"><\/div>\n                            <\/div>\n                                                <div class=\"chart-html5-inset chart-html5-inset-icon\">\n\n                                                                                            <i class=\"module-feature-icon fa fa-edit\" style=\"color: #d77132\"><\/i>                            \n                        <\/div>\n                    <\/div>\n                <\/div>\n\n                \n        <\/div>\n\n        <div class=\"module-feature-content\">\n            \n            <h4 class=\"p1\"><strong><br \/>Poutre et colones<\/strong><\/h4>\n<p class=\"p1\"><span class=\"s1\">Distributeur des produits Trus Joist et Goodfellow, nos poutres et colonnes sont calcul\u00e9es selon les charges applicables \u00e0 vos projets. <\/span><\/p>        <\/div>\n\n    <\/div>\n    <!-- \/module feature -->\n\n                        <\/div>\n                    \t\t<\/div>\n\t\t<!-- \/.tb-column -->\n\t\t\n\t\t\n                                <\/div>\n                                <!-- \/row_inner -->\n                        <\/div>\n                        <!-- \/module_row -->\n\t\t\t\n\t\t<!-- module_row -->\n\t\t\t<div  class=\"themify_builder_row module_row clearfix repeat fullwidth module_row_3 themify_builder_111_row module_row_111-3\">\n\t\t\t\t                                <div class=\"row_inner \" >\n\n                                    \n\t\t<div  class=\"tb-column col-full first module_column tb_111_column module_column_0 module_column_111-3-0\" >\n                                                                <div class=\"tb-column-inner\">\n                            \n\n    <!-- module gallery -->\n    <div  id=\"gallery-111-3-0-0\" class=\"module module-gallery gallery-111-3-0-0 gallery gallery-columns-4  layout-grid   \">\n        \n        \n    <dl class=\"gallery-item\">\n        <dt class=\"gallery-icon\">\n        <a title=\"\" href=\"https:\/\/www.chevronscharlevoix.com\/wp-content\/uploads\/2018\/03\/6-1.jpg\"><img loading=\"lazy\" width=\"1024\" height=\"698\" src=\"https:\/\/www.chevronscharlevoix.com\/wp-content\/uploads\/2018\/03\/6-1-1024x698.jpg\" class=\" wp-post-image wp-image-239\" alt=\"6\" srcset=\"https:\/\/www.chevronscharlevoix.com\/wp-content\/uploads\/2018\/03\/6-1-1024x698.jpg 1024w, https:\/\/www.chevronscharlevoix.com\/wp-content\/uploads\/2018\/03\/6-1-300x204.jpg 300w, https:\/\/www.chevronscharlevoix.com\/wp-content\/uploads\/2018\/03\/6-1-768x523.jpg 768w, https:\/\/www.chevronscharlevoix.com\/wp-content\/uploads\/2018\/03\/6-1.jpg 1920w\" sizes=\"(max-width: 1024px) 100vw, 1024px\" \/><\/a>        <\/dt>\n        <dd>\n                                <\/dd>\n    <\/dl>\n\n    \n\n    <dl class=\"gallery-item\">\n        <dt class=\"gallery-icon\">\n        <a title=\"\" href=\"https:\/\/www.chevronscharlevoix.com\/wp-content\/uploads\/2018\/03\/5-1.jpg\"><img loading=\"lazy\" width=\"1024\" height=\"698\" src=\"https:\/\/www.chevronscharlevoix.com\/wp-content\/uploads\/2018\/03\/5-1-1024x698.jpg\" class=\" wp-post-image wp-image-238\" alt=\"5\" srcset=\"https:\/\/www.chevronscharlevoix.com\/wp-content\/uploads\/2018\/03\/5-1-1024x698.jpg 1024w, https:\/\/www.chevronscharlevoix.com\/wp-content\/uploads\/2018\/03\/5-1-300x204.jpg 300w, https:\/\/www.chevronscharlevoix.com\/wp-content\/uploads\/2018\/03\/5-1-768x523.jpg 768w, https:\/\/www.chevronscharlevoix.com\/wp-content\/uploads\/2018\/03\/5-1.jpg 1920w\" sizes=\"(max-width: 1024px) 100vw, 1024px\" \/><\/a>        <\/dt>\n        <dd>\n                                <\/dd>\n    <\/dl>\n\n    \n\n    <dl class=\"gallery-item\">\n        <dt class=\"gallery-icon\">\n        <a title=\"\" href=\"https:\/\/www.chevronscharlevoix.com\/wp-content\/uploads\/2018\/03\/N1.jpg\"><img loading=\"lazy\" width=\"1024\" height=\"698\" src=\"https:\/\/www.chevronscharlevoix.com\/wp-content\/uploads\/2018\/03\/N1-1024x698.jpg\" class=\" wp-post-image wp-image-250\" alt=\"N1\" srcset=\"https:\/\/www.chevronscharlevoix.com\/wp-content\/uploads\/2018\/03\/N1-1024x698.jpg 1024w, https:\/\/www.chevronscharlevoix.com\/wp-content\/uploads\/2018\/03\/N1-300x204.jpg 300w, https:\/\/www.chevronscharlevoix.com\/wp-content\/uploads\/2018\/03\/N1-768x523.jpg 768w, https:\/\/www.chevronscharlevoix.com\/wp-content\/uploads\/2018\/03\/N1.jpg 1920w\" sizes=\"(max-width: 1024px) 100vw, 1024px\" \/><\/a>        <\/dt>\n        <dd>\n                                <\/dd>\n    <\/dl>\n\n    \n\n    <dl class=\"gallery-item\">\n        <dt class=\"gallery-icon\">\n        <a title=\"\" href=\"https:\/\/www.chevronscharlevoix.com\/wp-content\/uploads\/2018\/04\/header.jpg\"><img loading=\"lazy\" width=\"1024\" height=\"680\" src=\"https:\/\/www.chevronscharlevoix.com\/wp-content\/uploads\/2018\/04\/header-1024x680.jpg\" class=\" wp-post-image wp-image-261\" alt=\"header\" srcset=\"https:\/\/www.chevronscharlevoix.com\/wp-content\/uploads\/2018\/04\/header-1024x680.jpg 1024w, https:\/\/www.chevronscharlevoix.com\/wp-content\/uploads\/2018\/04\/header-300x199.jpg 300w, https:\/\/www.chevronscharlevoix.com\/wp-content\/uploads\/2018\/04\/header-768x510.jpg 768w, https:\/\/www.chevronscharlevoix.com\/wp-content\/uploads\/2018\/04\/header.jpg 1800w\" sizes=\"(max-width: 1024px) 100vw, 1024px\" \/><\/a>        <\/dt>\n        <dd>\n                                <\/dd>\n    <\/dl>\n\n            <br style=\"clear: both\" \/>\n    \n<br style=\"clear: both\" \/>\n\n    <\/div>\n    <!-- \/module gallery -->\n\n                        <\/div>\n                    \t\t<\/div>\n\t\t<!-- \/.tb-column -->\n\t\t\n\t\t\n                                <\/div>\n                                <!-- \/row_inner -->\n                        <\/div>\n                        <!-- \/module_row -->\n\t\t\t\n\t\t<!-- module_row -->\n\t\t\t<div  class=\"themify_builder_row module_row clearfix repeat module_row_4 themify_builder_111_row module_row_111-4\">\n\t\t\t\t                                <div class=\"row_inner \" >\n\n                                    \n\t\t<div  class=\"tb-column col-full first module_column tb_111_column module_column_0 module_column_111-4-0\" >\n                                                                <div class=\"tb-column-inner\">\n                            \n\n<!-- module text -->\n<div  id=\"text-111-4-0-0\" class=\"module module-text text-111-4-0-0  repeat \">\n    \n    <p style=\"text-align: center;\"><strong>CONTACTEZ NOUS D\u00c8S MAINTENANT<\/strong><\/p><\/div>\n<!-- \/module text -->\n\n\n    <!-- module buttons -->\n    <div  id=\"buttons-111-4-0-1\" class=\"module module-buttons buttons-111-4-0-1  \">\n\n        \n        <div class=\"module-buttons normal rounded\">\n                            <div class=\"module-buttons-item\">\n                                            <a href=\"http:\/\/www.chevronscharlevoix.com\/?page_id=117\" class=\"ui builder_button\"  >\n                                                                    <span>CONTACTEZ NOUS<\/span>\n                                                <\/a>\n                                    <\/div>\n                    <\/div>\n    <\/div>\n    <!-- \/module buttons -->\n\n                        <\/div>\n                    \t\t<\/div>\n\t\t<!-- \/.tb-column -->\n\t\t\n\t\t\n                                <\/div>\n                                <!-- \/row_inner -->\n                        <\/div>\n                        <!-- \/module_row -->\n\t\t<\/div>\n","protected":false},"excerpt":{"rendered":"<p>NOS SERVICES Ferme de toit Construite \u00e0 partir de mat\u00e9riaux de premi\u00e8re qualit\u00e9 et calcul\u00e9e selon les crit\u00e8res les plus s\u00e9v\u00e8res de l\u2019industrie. Nous nous assurons que les parties composantes de la ferme soient toujours parfaitement\u00a0manufactur\u00e9es afin d\u2019obtenir, un produit \u00e0 la hauteur de vos attentes lors de l\u2019assemblage. Poutrelle de plancher Nos poutrelles sont [&hellip;]<\/p>\n","protected":false},"author":1,"featured_media":0,"parent":0,"menu_order":0,"comment_status":"closed","ping_status":"closed","template":"","meta":[],"_links":{"self":[{"href":"https:\/\/www.chevronscharlevoix.com\/index.php?rest_route=\/wp\/v2\/pages\/111"}],"collection":[{"href":"https:\/\/www.chevronscharlevoix.com\/index.php?rest_route=\/wp\/v2\/pages"}],"about":[{"href":"https:\/\/www.chevronscharlevoix.com\/index.php?rest_route=\/wp\/v2\/types\/page"}],"author":[{"embeddable":true,"href":"https:\/\/www.chevronscharlevoix.com\/index.php?rest_route=\/wp\/v2\/users\/1"}],"replies":[{"embeddable":true,"href":"https:\/\/www.chevronscharlevoix.com\/index.php?rest_route=%2Fwp%2Fv2%2Fcomments&post=111"}],"version-history":[{"count":36,"href":"https:\/\/www.chevronscharlevoix.com\/index.php?rest_route=\/wp\/v2\/pages\/111\/revisions"}],"predecessor-version":[{"id":361,"href":"https:\/\/www.chevronscharlevoix.com\/index.php?rest_route=\/wp\/v2\/pages\/111\/revisions\/361"}],"wp:attachment":[{"href":"https:\/\/www.chevronscharlevoix.com\/index.php?rest_route=%2Fwp%2Fv2%2Fmedia&parent=111"}],"curies":[{"name":"wp","href":"https:\/\/api.w.org\/{rel}","templated":true}]}}